{"id":91,"date":"2025-10-21T18:57:05","date_gmt":"2025-10-21T18:57:05","guid":{"rendered":"http:\/\/vekendustri.com\/?page_id=91"},"modified":"2025-10-24T20:04:22","modified_gmt":"2025-10-24T20:04:22","slug":"surdurulebilirlik","status":"publish","type":"page","link":"http:\/\/vekendustri.com\/index.php\/surdurulebilirlik\/","title":{"rendered":"S\u00fcrd\u00fcr\u00fclebilirlik"},"content":{"rendered":"\t\t<div data-elementor-type=\"wp-page\" data-elementor-id=\"91\" class=\"elementor elementor-91\">\n\t\t\t\t\t\t<section class=\"elementor-section elementor-top-section elementor-element elementor-element-ebf25d5 elementor-section-boxed elementor-section-height-default elementor-section-height-default\" data-id=\"ebf25d5\" data-element_type=\"section\" data-settings=\"{&quot;background_background&quot;:&quot;classic&quot;}\">\n\t\t\t\t\t\t\t<div class=\"elementor-background-overlay\"><\/div>\n\t\t\t\t\t\t\t<div class=\"elementor-container elementor-column-gap-default\">\n\t\t\t\t\t<div class=\"elementor-column elementor-col-100 elementor-top-column elementor-element elementor-element-64f50f7\" data-id=\"64f50f7\" data-element_type=\"column\" data-settings=\"{&quot;background_background&quot;:&quot;classic&quot;}\">\n\t\t\t<div class=\"elementor-widget-wrap elementor-element-populated\">\n\t\t\t\t\t\t<div class=\"elementor-element elementor-element-06e8271 elementor-widget__width-auto elementor-widget-divider--view-line elementor-widget elementor-widget-divider\" data-id=\"06e8271\" data-element_type=\"widget\" data-widget_type=\"divider.default\">\n\t\t\t\t\t\t\t<div class=\"elementor-divider\">\n\t\t\t<span class=\"elementor-divider-separator\">\n\t\t\t\t\t\t<\/span>\n\t\t<\/div>\n\t\t\t\t\t\t<\/div>\n\t\t\t\t<div class=\"elementor-element elementor-element-91374de elementor-widget elementor-widget-heading\" data-id=\"91374de\" data-element_type=\"widget\" data-widget_type=\"heading.default\">\n\t\t\t\t\t<h1 class=\"elementor-heading-title elementor-size-default\">S\u00fcrd\u00fcr\u00fclebilirlik<\/h1>\t\t\t\t<\/div>\n\t\t\t\t\t<\/div>\n\t\t<\/div>\n\t\t\t\t\t<\/div>\n\t\t<\/section>\n\t\t\t\t<section class=\"elementor-section elementor-top-section elementor-element elementor-element-1b5dc70 elementor-section-full_width elementor-section-height-default elementor-section-height-default\" data-id=\"1b5dc70\" data-element_type=\"section\">\n\t\t\t\t\t\t<div class=\"elementor-container elementor-column-gap-default\">\n\t\t\t\t\t<div class=\"elementor-column elementor-col-100 elementor-top-column elementor-element elementor-element-a01c343\" data-id=\"a01c343\" data-element_type=\"column\" data-settings=\"{&quot;background_background&quot;:&quot;classic&quot;}\">\n\t\t\t<div class=\"elementor-widget-wrap elementor-element-populated\">\n\t\t\t\t\t\t<div class=\"elementor-element elementor-element-94a27d2 elementor-widget elementor-widget-spacer\" data-id=\"94a27d2\" data-element_type=\"widget\" data-widget_type=\"spacer.default\">\n\t\t\t\t\t\t\t<div class=\"elementor-spacer\">\n\t\t\t<div class=\"elementor-spacer-inner\"><\/div>\n\t\t<\/div>\n\t\t\t\t\t\t<\/div>\n\t\t\t\t<div class=\"elementor-element elementor-element-ccf6982 elementor-widget elementor-widget-heading\" data-id=\"ccf6982\" data-element_type=\"widget\" data-widget_type=\"heading.default\">\n\t\t\t\t\t<h2 class=\"elementor-heading-title elementor-size-default\">Sorumlu \u00dcretim, G\u00fc\u00e7l\u00fc Gelecek<\/h2>\t\t\t\t<\/div>\n\t\t\t\t\t<\/div>\n\t\t<\/div>\n\t\t\t\t\t<\/div>\n\t\t<\/section>\n\t\t\t\t<section class=\"elementor-section elementor-top-section elementor-element elementor-element-69fd0d8 elementor-section-full_width elementor-section-height-default elementor-section-height-default\" data-id=\"69fd0d8\" data-element_type=\"section\">\n\t\t\t\t\t\t<div class=\"elementor-container elementor-column-gap-default\">\n\t\t\t\t\t<div class=\"elementor-column elementor-col-33 elementor-top-column elementor-element elementor-element-17824da\" data-id=\"17824da\" data-element_type=\"column\" data-settings=\"{&quot;background_background&quot;:&quot;classic&quot;}\">\n\t\t\t<div class=\"elementor-widget-wrap\">\n\t\t\t\t\t\t\t<\/div>\n\t\t<\/div>\n\t\t\t\t<div class=\"elementor-column elementor-col-66 elementor-top-column elementor-element elementor-element-d9af734\" data-id=\"d9af734\" data-element_type=\"column\" data-settings=\"{&quot;background_background&quot;:&quot;classic&quot;}\">\n\t\t\t<div class=\"elementor-widget-wrap elementor-element-populated\">\n\t\t\t\t\t\t<div class=\"elementor-element elementor-element-05c06b9 elementor-widget elementor-widget-spacer\" data-id=\"05c06b9\" data-element_type=\"widget\" data-widget_type=\"spacer.default\">\n\t\t\t\t\t\t\t<div class=\"elementor-spacer\">\n\t\t\t<div class=\"elementor-spacer-inner\"><\/div>\n\t\t<\/div>\n\t\t\t\t\t\t<\/div>\n\t\t\t\t<div class=\"elementor-element elementor-element-a88ebeb elementor-widget elementor-widget-text-editor\" data-id=\"a88ebeb\" data-element_type=\"widget\" data-widget_type=\"text-editor.default\">\n\t\t\t\t\t\t\t\t\t<p data-start=\"351\" data-end=\"706\">End\u00fcstriyel \u00fcretim alan\u0131nda faaliyet g\u00f6steren bir firma olarak, t\u00fcm s\u00fcre\u00e7lerimizi <strong data-start=\"433\" data-end=\"499\">\u00e7evreye duyarl\u0131, enerji verimli ve toplumsal fayday\u0131 \u00f6nceleyen<\/strong> bir anlay\u0131\u015fla y\u00fcr\u00fct\u00fcyoruz. \u00dcr\u00fcn tasar\u0131m\u0131ndan \u00fcretim s\u00fcre\u00e7lerine, lojistikten sat\u0131\u015f sonras\u0131 hizmetlere kadar her a\u015famada, do\u011fal kaynaklar\u0131n korunmas\u0131 ve \u00e7evresel etkilerin azalt\u0131lmas\u0131 temel \u00f6nceli\u011fimizdir.<\/p><p data-start=\"708\" data-end=\"1118\">\u00dcretti\u011fimiz jet pulse torbal\u0131 filtre sistemleri, end\u00fcstriyel vantilat\u00f6rler, \u0131s\u0131 geri kazan\u0131m sistemleri, bas\u0131n\u00e7l\u0131 tanklar ve konvey\u00f6r \u00e7\u00f6z\u00fcmleri, i\u015fletmelerin \u00e7evre performans\u0131n\u0131 art\u0131rmalar\u0131na, enerji maliyetlerini d\u00fc\u015f\u00fcrmelerine ve daha s\u00fcrd\u00fcr\u00fclebilir bir \u00fcretim yap\u0131s\u0131na ge\u00e7melerine yard\u0131mc\u0131 olur. B\u00f6ylece yaln\u0131zca m\u00fc\u015fterilerimizin de\u011fil, i\u00e7inde bulundu\u011fumuz toplumun ve \u00e7evrenin gelece\u011fine de katk\u0131 sunar\u0131z.<\/p>\t\t\t\t\t\t\t\t<\/div>\n\t\t\t\t\t<\/div>\n\t\t<\/div>\n\t\t\t\t\t<\/div>\n\t\t<\/section>\n\t\t\t\t<section class=\"elementor-section elementor-top-section elementor-element elementor-element-11776e2 elementor-section-full_width elementor-section-height-default elementor-section-height-default\" data-id=\"11776e2\" data-element_type=\"section\">\n\t\t\t\t\t\t<div class=\"elementor-container elementor-column-gap-default\">\n\t\t\t\t\t<div class=\"elementor-column elementor-col-33 elementor-top-column elementor-element elementor-element-6647d1a\" data-id=\"6647d1a\" data-element_type=\"column\" data-settings=\"{&quot;background_background&quot;:&quot;classic&quot;}\">\n\t\t\t<div class=\"elementor-widget-wrap elementor-element-populated\">\n\t\t\t\t\t\t<div class=\"elementor-element elementor-element-1f9ca80 elementor-widget elementor-widget-heading\" data-id=\"1f9ca80\" data-element_type=\"widget\" data-widget_type=\"heading.default\">\n\t\t\t\t\t<h2 class=\"elementor-heading-title elementor-size-default\">Kaynaklar\u0131n Verimli Kullan\u0131m\u0131 ve Enerji Y\u00f6netimi<\/h2>\t\t\t\t<\/div>\n\t\t\t\t<div class=\"elementor-element elementor-element-524dae3 elementor-widget elementor-widget-text-editor\" data-id=\"524dae3\" data-element_type=\"widget\" data-widget_type=\"text-editor.default\">\n\t\t\t\t\t\t\t\t\t<p data-start=\"1183\" data-end=\"1636\">S\u00fcrd\u00fcr\u00fclebilirli\u011fin merkezinde verimlilik yer al\u0131r. Bu nedenle \u00fcretim s\u00fcre\u00e7lerimizde enerji, su ve hammadde t\u00fcketimini azaltmak i\u00e7in s\u00fcrekli iyile\u015ftirme \u00e7al\u0131\u015fmalar\u0131 y\u00fcr\u00fct\u00fcyoruz. Tasar\u0131m a\u015famas\u0131nda, sistemlerimizin minimum enerjiyle maksimum performans sunmas\u0131n\u0131 hedefliyoruz. Kullan\u0131lan malzemelerde uzun \u00f6m\u00fcr, geri d\u00f6n\u00fc\u015ft\u00fcr\u00fclebilirlik ve bak\u0131m kolayl\u0131\u011f\u0131 gibi kriterleri \u00f6n planda tutarak \u00fcr\u00fcn ya\u015fam d\u00f6ng\u00fcs\u00fc boyunca \u00e7evresel etkileri en aza indiriyoruz.<\/p>\t\t\t\t\t\t\t\t<\/div>\n\t\t\t\t\t<\/div>\n\t\t<\/div>\n\t\t\t\t<div class=\"elementor-column elementor-col-33 elementor-top-column elementor-element elementor-element-166a129\" data-id=\"166a129\" data-element_type=\"column\" data-settings=\"{&quot;background_background&quot;:&quot;classic&quot;}\">\n\t\t\t<div class=\"elementor-widget-wrap elementor-element-populated\">\n\t\t\t\t\t\t<div class=\"elementor-element elementor-element-98a4dfe elementor-widget elementor-widget-heading\" data-id=\"98a4dfe\" data-element_type=\"widget\" data-widget_type=\"heading.default\">\n\t\t\t\t\t<h2 class=\"elementor-heading-title elementor-size-default\">\u00c7evreye ve Topluma Duyarl\u0131 \u00dcretim Anlay\u0131\u015f\u0131<\/h2>\t\t\t\t<\/div>\n\t\t\t\t<div class=\"elementor-element elementor-element-3db9408 elementor-widget elementor-widget-text-editor\" data-id=\"3db9408\" data-element_type=\"widget\" data-widget_type=\"text-editor.default\">\n\t\t\t\t\t\t\t\t\t<p data-start=\"1695\" data-end=\"2089\">Yasal mevzuatlara ve uluslararas\u0131 \u00e7evre standartlar\u0131na tam uyumla hareket ediyoruz. \u00dcretim tesislerimizde at\u0131k y\u00f6netimini, emisyon kontrol\u00fcn\u00fc ve i\u015f g\u00fcvenli\u011fini bir b\u00fct\u00fcn olarak ele al\u0131yoruz.<br data-start=\"1885\" data-end=\"1888\" \/>Ayn\u0131 zamanda tedarik\u00e7ilerimizden \u00e7al\u0131\u015fanlar\u0131m\u0131za kadar t\u00fcm payda\u015flar\u0131m\u0131z\u0131 \u00e7evre bilinci ve s\u00fcrd\u00fcr\u00fclebilirlik konular\u0131nda te\u015fvik ediyor, sorumlulu\u011fu birlikte payla\u015fan bir \u00fcretim k\u00fclt\u00fcr\u00fc olu\u015fturuyoruz.<\/p>\t\t\t\t\t\t\t\t<\/div>\n\t\t\t\t\t<\/div>\n\t\t<\/div>\n\t\t\t\t<div class=\"elementor-column elementor-col-33 elementor-top-column elementor-element elementor-element-0f6fbe7\" data-id=\"0f6fbe7\" data-element_type=\"column\" data-settings=\"{&quot;background_background&quot;:&quot;classic&quot;}\">\n\t\t\t<div class=\"elementor-widget-wrap elementor-element-populated\">\n\t\t\t\t\t\t<div class=\"elementor-element elementor-element-8d7de42 elementor-widget elementor-widget-heading\" data-id=\"8d7de42\" data-element_type=\"widget\" data-widget_type=\"heading.default\">\n\t\t\t\t\t<h2 class=\"elementor-heading-title elementor-size-default\">Gelece\u011fe De\u011fer Kat\u0131yoruz<\/h2>\t\t\t\t<\/div>\n\t\t\t\t<div class=\"elementor-element elementor-element-424d678 elementor-widget elementor-widget-text-editor\" data-id=\"424d678\" data-element_type=\"widget\" data-widget_type=\"text-editor.default\">\n\t\t\t\t\t\t\t\t\t<p data-start=\"1695\" data-end=\"2089\">Bizim i\u00e7in s\u00fcrd\u00fcr\u00fclebilirlik yaln\u0131zca \u00e7evresel bir hedef de\u011fil, ayn\u0131 zamanda bir <strong data-start=\"2211\" data-end=\"2229\">kurumsal de\u011fer<\/strong> ve <strong data-start=\"2233\" data-end=\"2256\">gelecek vizyonudur.<\/strong><br data-start=\"2256\" data-end=\"2259\" \/>Teknoloji, m\u00fchendislik ve yenilik g\u00fcc\u00fcm\u00fcz\u00fc kullanarak, sanayinin d\u00f6n\u00fc\u015f\u00fcm\u00fcne katk\u0131 sa\u011fl\u0131yor; daha temiz, g\u00fcvenli ve verimli \u00fcretim sistemleri geli\u015ftiriyoruz.<br data-start=\"2415\" data-end=\"2418\" \/>Bug\u00fcnden att\u0131\u011f\u0131m\u0131z her ad\u0131m\u0131n gelece\u011fi \u015fekillendirdi\u011finin bilinciyle, end\u00fcstriyel \u00fcretimde s\u00fcrd\u00fcr\u00fclebilirlik standartlar\u0131n\u0131 y\u00fckseltmeye devam ediyoruz.<\/p>\t\t\t\t\t\t\t\t<\/div>\n\t\t\t\t\t<\/div>\n\t\t<\/div>\n\t\t\t\t\t<\/div>\n\t\t<\/section>\n\t\t\t\t<\/div>\n\t\t","protected":false},"excerpt":{"rendered":"<p>S\u00fcrd\u00fcr\u00fclebilirlik Sorumlu \u00dcretim, G\u00fc\u00e7l\u00fc Gelecek End\u00fcstriyel \u00fcretim alan\u0131nda faaliyet g\u00f6steren bir firma olarak, t\u00fcm s\u00fcre\u00e7lerimizi \u00e7evreye duyarl\u0131, enerji verimli ve toplumsal fayday\u0131 \u00f6nceleyen bir anlay\u0131\u015fla y\u00fcr\u00fct\u00fcyoruz. \u00dcr\u00fcn tasar\u0131m\u0131ndan \u00fcretim s\u00fcre\u00e7lerine, lojistikten sat\u0131\u015f sonras\u0131 hizmetlere kadar her a\u015famada, do\u011fal kaynaklar\u0131n korunmas\u0131 ve \u00e7evresel etkilerin azalt\u0131lmas\u0131 temel \u00f6nceli\u011fimizdir. \u00dcretti\u011fimiz jet pulse torbal\u0131 filtre sistemleri, end\u00fcstriyel vantilat\u00f6rler, \u0131s\u0131 [&hellip;]<\/p>\n","protected":false},"author":1,"featured_media":0,"parent":0,"menu_order":0,"comment_status":"closed","ping_status":"closed","template":"elementor_header_footer","meta":{"footnotes":""},"class_list":["post-91","page","type-page","status-publish","hentry"],"_links":{"self":[{"href":"http:\/\/vekendustri.com\/index.php\/wp-json\/wp\/v2\/pages\/91","targetHints":{"allow":["GET"]}}],"collection":[{"href":"http:\/\/vekendustri.com\/index.php\/wp-json\/wp\/v2\/pages"}],"about":[{"href":"http:\/\/vekendustri.com\/index.php\/wp-json\/wp\/v2\/types\/page"}],"author":[{"embeddable":true,"href":"http:\/\/vekendustri.com\/index.php\/wp-json\/wp\/v2\/users\/1"}],"replies":[{"embeddable":true,"href":"http:\/\/vekendustri.com\/index.php\/wp-json\/wp\/v2\/comments?post=91"}],"version-history":[{"count":7,"href":"http:\/\/vekendustri.com\/index.php\/wp-json\/wp\/v2\/pages\/91\/revisions"}],"predecessor-version":[{"id":229,"href":"http:\/\/vekendustri.com\/index.php\/wp-json\/wp\/v2\/pages\/91\/revisions\/229"}],"wp:attachment":[{"href":"http:\/\/vekendustri.com\/index.php\/wp-json\/wp\/v2\/media?parent=91"}],"curies":[{"name":"wp","href":"https:\/\/api.w.org\/{rel}","templated":true}]}}