{"id":83,"date":"2025-10-21T18:55:50","date_gmt":"2025-10-21T18:55:50","guid":{"rendered":"http:\/\/vekendustri.com\/?page_id=83"},"modified":"2025-10-24T19:31:06","modified_gmt":"2025-10-24T19:31:06","slug":"politikalarimiz","status":"publish","type":"page","link":"http:\/\/vekendustri.com\/index.php\/politikalarimiz\/","title":{"rendered":"Politikalar\u0131m\u0131z"},"content":{"rendered":"\t\t<div data-elementor-type=\"wp-page\" data-elementor-id=\"83\" class=\"elementor elementor-83\">\n\t\t\t\t\t\t<section class=\"elementor-section elementor-top-section elementor-element elementor-element-dbc29f0 elementor-section-boxed elementor-section-height-default elementor-section-height-default\" data-id=\"dbc29f0\" data-element_type=\"section\" data-settings=\"{&quot;background_background&quot;:&quot;classic&quot;}\">\n\t\t\t\t\t\t\t<div class=\"elementor-background-overlay\"><\/div>\n\t\t\t\t\t\t\t<div class=\"elementor-container elementor-column-gap-default\">\n\t\t\t\t\t<div class=\"elementor-column elementor-col-100 elementor-top-column elementor-element elementor-element-3b3b6ee\" data-id=\"3b3b6ee\" data-element_type=\"column\">\n\t\t\t<div class=\"elementor-widget-wrap elementor-element-populated\">\n\t\t\t\t\t\t<div class=\"elementor-element elementor-element-cfd7e85 elementor-widget__width-auto elementor-widget-divider--view-line elementor-widget elementor-widget-divider\" data-id=\"cfd7e85\" data-element_type=\"widget\" data-widget_type=\"divider.default\">\n\t\t\t\t\t\t\t<div class=\"elementor-divider\">\n\t\t\t<span class=\"elementor-divider-separator\">\n\t\t\t\t\t\t<\/span>\n\t\t<\/div>\n\t\t\t\t\t\t<\/div>\n\t\t\t\t<div class=\"elementor-element elementor-element-d91c125 elementor-widget elementor-widget-heading\" data-id=\"d91c125\" data-element_type=\"widget\" data-widget_type=\"heading.default\">\n\t\t\t\t\t<h1 class=\"elementor-heading-title elementor-size-default\">Politikalar\u0131m\u0131z<\/h1>\t\t\t\t<\/div>\n\t\t\t\t\t<\/div>\n\t\t<\/div>\n\t\t\t\t\t<\/div>\n\t\t<\/section>\n\t\t\t\t<section class=\"elementor-section elementor-top-section elementor-element elementor-element-5441bcc elementor-section-boxed elementor-section-height-default elementor-section-height-default\" data-id=\"5441bcc\" data-element_type=\"section\">\n\t\t\t\t\t\t<div class=\"elementor-container elementor-column-gap-default\">\n\t\t\t\t\t<div class=\"elementor-column elementor-col-100 elementor-top-column elementor-element elementor-element-93b49a5\" data-id=\"93b49a5\" data-element_type=\"column\">\n\t\t\t<div class=\"elementor-widget-wrap elementor-element-populated\">\n\t\t\t\t\t\t<div class=\"elementor-element elementor-element-e1f88a4 elementor-widget elementor-widget-heading\" data-id=\"e1f88a4\" data-element_type=\"widget\" data-widget_type=\"heading.default\">\n\t\t\t\t\t<h4 class=\"elementor-heading-title elementor-size-default\">Kalite, Yapt\u0131\u011f\u0131n\u0131z \u0130\u015fe G\u00f6sterdi\u011finiz Sayg\u0131d\u0131r<\/h4>\t\t\t\t<\/div>\n\t\t\t\t\t<\/div>\n\t\t<\/div>\n\t\t\t\t\t<\/div>\n\t\t<\/section>\n\t\t\t\t<section class=\"elementor-section elementor-top-section elementor-element elementor-element-d98615e elementor-section-boxed elementor-section-height-default elementor-section-height-default\" data-id=\"d98615e\" data-element_type=\"section\" data-settings=\"{&quot;background_background&quot;:&quot;classic&quot;}\">\n\t\t\t\t\t\t<div class=\"elementor-container elementor-column-gap-default\">\n\t\t\t\t\t<div class=\"elementor-column elementor-col-100 elementor-top-column elementor-element elementor-element-e4724de\" data-id=\"e4724de\" data-element_type=\"column\">\n\t\t\t<div class=\"elementor-widget-wrap elementor-element-populated\">\n\t\t\t\t\t\t<div class=\"elementor-element elementor-element-4a56e6e elementor-widget elementor-widget-heading\" data-id=\"4a56e6e\" data-element_type=\"widget\" data-widget_type=\"heading.default\">\n\t\t\t\t\t<h4 class=\"elementor-heading-title elementor-size-default\">Kalite Politikam\u0131z<\/h4>\t\t\t\t<\/div>\n\t\t\t\t<div class=\"elementor-element elementor-element-9cfefc6 elementor-widget elementor-widget-text-editor\" data-id=\"9cfefc6\" data-element_type=\"widget\" data-widget_type=\"text-editor.default\">\n\t\t\t\t\t\t\t\t\t<p data-start=\"474\" data-end=\"779\">Firmam\u0131z; end\u00fcstriyel filtre sistemleri, vantilat\u00f6rler, bas\u0131n\u00e7l\u0131 tanklar, \u0131s\u0131 geri kazan\u0131m sistemleri, konvey\u00f6r ve proses makineleri tasar\u0131m ve imalat\u0131nda <strong data-start=\"629\" data-end=\"677\">m\u00fc\u015fteri memnuniyetini en \u00fcst d\u00fczeyde tutmay\u0131<\/strong>, <strong data-start=\"679\" data-end=\"702\">s\u00fcrekli iyile\u015ftirme<\/strong> anlay\u0131\u015f\u0131yla \u00fcr\u00fcn ve hizmet kalitesini geli\u015ftirmeyi temel hedef edinmi\u015ftir.<\/p><p data-start=\"781\" data-end=\"797\">Bu do\u011frultuda;<\/p><ul><li>M\u00fc\u015fteri beklentilerini do\u011fru anlayarak, zaman\u0131nda ve uluslararas\u0131 standartlara uygun \u00fcr\u00fcnler \u00fcretmeyi,<\/li><li data-start=\"907\" data-end=\"994\">\u00dcretim s\u00fcre\u00e7lerinde kaliteyi ilk a\u015famadan itibaren kontrol etmeyi, hatalar\u0131 \u00f6nlemeyi,<\/li><li data-start=\"997\" data-end=\"1103\">T\u00fcm \u00e7al\u0131\u015fanlar\u0131m\u0131z\u0131n kat\u0131l\u0131m\u0131n\u0131 ve yetkinli\u011fini art\u0131racak e\u011fitim ve geli\u015fim faaliyetlerini desteklemeyi,<\/li><li data-start=\"1106\" data-end=\"1186\">Tedarik\u00e7ilerimizle kar\u015f\u0131l\u0131kl\u0131 g\u00fcvene dayal\u0131 uzun vadeli i\u015f birlikleri kurmay\u0131,<\/li><li data-start=\"1189\" data-end=\"1298\">ISO 9001 Kalite Y\u00f6netim Sistemi gereklerini etkin bi\u00e7imde uygulamay\u0131 ve s\u00fcrekli iyile\u015ftirmeyi taahh\u00fct ederiz.<\/li><\/ul>\t\t\t\t\t\t\t\t<\/div>\n\t\t\t\t\t<\/div>\n\t\t<\/div>\n\t\t\t\t\t<\/div>\n\t\t<\/section>\n\t\t\t\t<section class=\"elementor-section elementor-top-section elementor-element elementor-element-1cb39ae elementor-section-boxed elementor-section-height-default elementor-section-height-default\" data-id=\"1cb39ae\" data-element_type=\"section\" data-settings=\"{&quot;background_background&quot;:&quot;classic&quot;}\">\n\t\t\t\t\t\t<div class=\"elementor-container elementor-column-gap-default\">\n\t\t\t\t\t<div class=\"elementor-column elementor-col-100 elementor-top-column elementor-element elementor-element-21cac79\" data-id=\"21cac79\" data-element_type=\"column\">\n\t\t\t<div class=\"elementor-widget-wrap elementor-element-populated\">\n\t\t\t\t\t\t<div class=\"elementor-element elementor-element-822d137 elementor-widget elementor-widget-heading\" data-id=\"822d137\" data-element_type=\"widget\" data-widget_type=\"heading.default\">\n\t\t\t\t\t<h4 class=\"elementor-heading-title elementor-size-default\">\u00c7evre Politikam\u0131z<\/h4>\t\t\t\t<\/div>\n\t\t\t\t<div class=\"elementor-element elementor-element-0119a14 elementor-widget elementor-widget-text-editor\" data-id=\"0119a14\" data-element_type=\"widget\" data-widget_type=\"text-editor.default\">\n\t\t\t\t\t\t\t\t\t<p data-start=\"1330\" data-end=\"1599\">End\u00fcstriyel \u00fcretim faaliyetlerimizi, <strong data-start=\"1367\" data-end=\"1394\">do\u011fal kaynaklar\u0131 koruma<\/strong> ve <strong data-start=\"1398\" data-end=\"1434\">\u00e7evresel etkileri en aza indirme<\/strong> bilinciyle y\u00fcr\u00fct\u00fcyoruz.<br data-start=\"1458\" data-end=\"1461\" \/>Faaliyetlerimiz s\u0131ras\u0131nda \u00e7evre \u00fczerindeki olumsuz etkileri azaltmak i\u00e7in b\u00fct\u00fcnc\u00fcl bir \u00e7evre y\u00f6netimi anlay\u0131\u015f\u0131 benimsemi\u015f bulunmaktay\u0131z.<\/p><p data-start=\"1601\" data-end=\"1615\">Bu kapsamda;<\/p><ul><li data-start=\"1618\" data-end=\"1666\">Enerji, su ve hammaddeleri verimli kullanmay\u0131,<\/li><li data-start=\"1669\" data-end=\"1746\">At\u0131klar\u0131 kayna\u011f\u0131nda azaltmay\u0131, geri kazan\u0131m ve geri d\u00f6n\u00fc\u015f\u00fcm\u00fc te\u015fvik etmeyi,<\/li><li data-start=\"1749\" data-end=\"1817\">Hava emisyonlar\u0131n\u0131 ve g\u00fcr\u00fclt\u00fc kirlili\u011fini kontrol alt\u0131nda tutmay\u0131,<\/li><li data-start=\"1820\" data-end=\"1887\">T\u00fcm yasal mevzuat ve \u00e7evreyle ilgili di\u011fer y\u00fck\u00fcml\u00fcl\u00fcklere uymay\u0131,<\/li><li data-start=\"1890\" data-end=\"1972\">\u00dcr\u00fcnlerimizin tasar\u0131m\u0131ndan bertaraf\u0131na kadar \u00e7evresel etkilerini dikkate almay\u0131,<\/li><li data-start=\"1975\" data-end=\"2069\">\u00c7evre bilincini \u00e7al\u0131\u015fanlar\u0131m\u0131z, tedarik\u00e7ilerimiz ve payda\u015flar\u0131m\u0131z aras\u0131nda yayg\u0131nla\u015ft\u0131rmay\u0131,<\/li><li data-start=\"2072\" data-end=\"2178\">ISO 14001 \u00c7evre Y\u00f6netim Sistemi standartlar\u0131na uygun \u015fekilde s\u00fcrekli iyile\u015ftirme sa\u011flamay\u0131 taahh\u00fct ederiz.<\/li><\/ul>\t\t\t\t\t\t\t\t<\/div>\n\t\t\t\t\t<\/div>\n\t\t<\/div>\n\t\t\t\t\t<\/div>\n\t\t<\/section>\n\t\t\t\t<section class=\"elementor-section elementor-top-section elementor-element elementor-element-71bd12f elementor-section-boxed elementor-section-height-default elementor-section-height-default\" data-id=\"71bd12f\" data-element_type=\"section\" data-settings=\"{&quot;background_background&quot;:&quot;classic&quot;}\">\n\t\t\t\t\t\t<div class=\"elementor-container elementor-column-gap-default\">\n\t\t\t\t\t<div class=\"elementor-column elementor-col-100 elementor-top-column elementor-element elementor-element-7f4bd60\" data-id=\"7f4bd60\" data-element_type=\"column\">\n\t\t\t<div class=\"elementor-widget-wrap elementor-element-populated\">\n\t\t\t\t\t\t<div class=\"elementor-element elementor-element-26ae505 elementor-widget elementor-widget-heading\" data-id=\"26ae505\" data-element_type=\"widget\" data-widget_type=\"heading.default\">\n\t\t\t\t\t<h4 class=\"elementor-heading-title elementor-size-default\">\u0130\u015f Sa\u011fl\u0131\u011f\u0131 ve G\u00fcvenli\u011fi Politikam\u0131z<\/h4>\t\t\t\t<\/div>\n\t\t\t\t<div class=\"elementor-element elementor-element-bbf4f9c elementor-widget elementor-widget-text-editor\" data-id=\"bbf4f9c\" data-element_type=\"widget\" data-widget_type=\"text-editor.default\">\n\t\t\t\t\t\t\t\t\t<p data-start=\"2234\" data-end=\"2395\">\u0130\u015fletmemiz, t\u00fcm \u00e7al\u0131\u015fanlar\u0131n\u0131n ve ziyaret\u00e7ilerinin sa\u011fl\u0131\u011f\u0131n\u0131 korumay\u0131, g\u00fcvenli ve ergonomik bir \u00e7al\u0131\u015fma ortam\u0131 olu\u015fturmay\u0131 temel de\u011fer olarak kabul etmektedir.<\/p><p data-start=\"2397\" data-end=\"2413\">Bu do\u011frultuda;<\/p><ul><li data-start=\"2416\" data-end=\"2481\">T\u00fcm faaliyetlerimizde \u201c<strong data-start=\"2439\" data-end=\"2456\">\u00d6nce G\u00fcvenlik<\/strong>\u201d ilkesini benimsemeyi,<\/li><li data-start=\"2484\" data-end=\"2593\">\u0130\u015f kazalar\u0131 ve meslek hastal\u0131klar\u0131n\u0131 \u00f6nlemek i\u00e7in riskleri sistematik olarak belirleyip ortadan kald\u0131rmay\u0131,<\/li><li data-start=\"2596\" data-end=\"2691\">\u00c7al\u0131\u015fanlar\u0131n kat\u0131l\u0131m\u0131n\u0131, bilin\u00e7lenmesini ve sorumluluk almas\u0131n\u0131 sa\u011flayacak e\u011fitimler vermeyi,<\/li><li data-start=\"2694\" data-end=\"2797\">G\u00fcvenli ekipman, uygun ki\u015fisel koruyucu donan\u0131m ve d\u00fczenli bak\u0131m uygulamalar\u0131 ile riskleri azaltmay\u0131,<\/li><li data-start=\"2800\" data-end=\"2908\">\u0130lgili t\u00fcm yasal mevzuat ve ISO 45001 \u0130\u015f Sa\u011fl\u0131\u011f\u0131 ve G\u00fcvenli\u011fi Y\u00f6netim Sistemi \u015fartlar\u0131n\u0131 yerine getirmeyi,<\/li><li data-start=\"2911\" data-end=\"2989\">S\u00fcrekli iyile\u015ftirme prensibiyle \u0130SG performans\u0131n\u0131 geli\u015ftirmeyi taahh\u00fct ederiz.<\/li><\/ul>\t\t\t\t\t\t\t\t<\/div>\n\t\t\t\t\t<\/div>\n\t\t<\/div>\n\t\t\t\t\t<\/div>\n\t\t<\/section>\n\t\t\t\t<\/div>\n\t\t","protected":false},"excerpt":{"rendered":"<p>Politikalar\u0131m\u0131z Kalite, Yapt\u0131\u011f\u0131n\u0131z \u0130\u015fe G\u00f6sterdi\u011finiz Sayg\u0131d\u0131r Kalite Politikam\u0131z Firmam\u0131z; end\u00fcstriyel filtre sistemleri, vantilat\u00f6rler, bas\u0131n\u00e7l\u0131 tanklar, \u0131s\u0131 geri kazan\u0131m sistemleri, konvey\u00f6r ve proses makineleri tasar\u0131m ve imalat\u0131nda m\u00fc\u015fteri memnuniyetini en \u00fcst d\u00fczeyde tutmay\u0131, s\u00fcrekli iyile\u015ftirme anlay\u0131\u015f\u0131yla \u00fcr\u00fcn ve hizmet kalitesini geli\u015ftirmeyi temel hedef edinmi\u015ftir. Bu do\u011frultuda; M\u00fc\u015fteri beklentilerini do\u011fru anlayarak, zaman\u0131nda ve uluslararas\u0131 standartlara uygun \u00fcr\u00fcnler [&hellip;]<\/p>\n","protected":false},"author":1,"featured_media":0,"parent":0,"menu_order":0,"comment_status":"closed","ping_status":"closed","template":"elementor_header_footer","meta":{"footnotes":""},"class_list":["post-83","page","type-page","status-publish","hentry"],"_links":{"self":[{"href":"http:\/\/vekendustri.com\/index.php\/wp-json\/wp\/v2\/pages\/83","targetHints":{"allow":["GET"]}}],"collection":[{"href":"http:\/\/vekendustri.com\/index.php\/wp-json\/wp\/v2\/pages"}],"about":[{"href":"http:\/\/vekendustri.com\/index.php\/wp-json\/wp\/v2\/types\/page"}],"author":[{"embeddable":true,"href":"http:\/\/vekendustri.com\/index.php\/wp-json\/wp\/v2\/users\/1"}],"replies":[{"embeddable":true,"href":"http:\/\/vekendustri.com\/index.php\/wp-json\/wp\/v2\/comments?post=83"}],"version-history":[{"count":7,"href":"http:\/\/vekendustri.com\/index.php\/wp-json\/wp\/v2\/pages\/83\/revisions"}],"predecessor-version":[{"id":209,"href":"http:\/\/vekendustri.com\/index.php\/wp-json\/wp\/v2\/pages\/83\/revisions\/209"}],"wp:attachment":[{"href":"http:\/\/vekendustri.com\/index.php\/wp-json\/wp\/v2\/media?parent=83"}],"curies":[{"name":"wp","href":"https:\/\/api.w.org\/{rel}","templated":true}]}}