{"id":81,"date":"2025-10-21T18:55:20","date_gmt":"2025-10-21T18:55:20","guid":{"rendered":"http:\/\/vekendustri.com\/?page_id=81"},"modified":"2025-10-24T19:21:27","modified_gmt":"2025-10-24T19:21:27","slug":"degerlerimiz","status":"publish","type":"page","link":"http:\/\/vekendustri.com\/index.php\/degerlerimiz\/","title":{"rendered":"De\u011ferlerimiz"},"content":{"rendered":"\t\t<div data-elementor-type=\"wp-page\" data-elementor-id=\"81\" class=\"elementor elementor-81\">\n\t\t\t\t\t\t<section class=\"elementor-section elementor-top-section elementor-element elementor-element-70f408d5 elementor-section-boxed elementor-section-height-default elementor-section-height-default\" data-id=\"70f408d5\" data-element_type=\"section\" data-settings=\"{&quot;background_background&quot;:&quot;classic&quot;}\">\n\t\t\t\t\t\t\t<div class=\"elementor-background-overlay\"><\/div>\n\t\t\t\t\t\t\t<div class=\"elementor-container elementor-column-gap-default\">\n\t\t\t\t\t<div class=\"elementor-column elementor-col-100 elementor-top-column elementor-element elementor-element-497956ff\" data-id=\"497956ff\" data-element_type=\"column\">\n\t\t\t<div class=\"elementor-widget-wrap elementor-element-populated\">\n\t\t\t\t\t\t<div class=\"elementor-element elementor-element-7f77b3e9 elementor-widget__width-auto elementor-widget-divider--view-line elementor-widget elementor-widget-divider\" data-id=\"7f77b3e9\" data-element_type=\"widget\" data-widget_type=\"divider.default\">\n\t\t\t\t\t\t\t<div class=\"elementor-divider\">\n\t\t\t<span class=\"elementor-divider-separator\">\n\t\t\t\t\t\t<\/span>\n\t\t<\/div>\n\t\t\t\t\t\t<\/div>\n\t\t\t\t<div class=\"elementor-element elementor-element-18b91a29 elementor-widget elementor-widget-heading\" data-id=\"18b91a29\" data-element_type=\"widget\" data-widget_type=\"heading.default\">\n\t\t\t\t\t<h1 class=\"elementor-heading-title elementor-size-default\">De\u011ferlerimiz<\/h1>\t\t\t\t<\/div>\n\t\t\t\t\t<\/div>\n\t\t<\/div>\n\t\t\t\t\t<\/div>\n\t\t<\/section>\n\t\t\t\t<section class=\"elementor-section elementor-top-section elementor-element elementor-element-24b1a7e7 elementor-section-boxed elementor-section-height-default elementor-section-height-default\" data-id=\"24b1a7e7\" data-element_type=\"section\">\n\t\t\t\t\t\t<div class=\"elementor-container elementor-column-gap-default\">\n\t\t\t\t\t<div class=\"elementor-column elementor-col-100 elementor-top-column elementor-element elementor-element-7bee65ed\" data-id=\"7bee65ed\" data-element_type=\"column\">\n\t\t\t<div class=\"elementor-widget-wrap elementor-element-populated\">\n\t\t\t\t\t\t<div class=\"elementor-element elementor-element-4b794776 elementor-widget elementor-widget-heading\" data-id=\"4b794776\" data-element_type=\"widget\" data-widget_type=\"heading.default\">\n\t\t\t\t\t<h4 class=\"elementor-heading-title elementor-size-default\">En B\u00fcy\u00fck G\u00fcc\u00fcm\u00fcz Bizi Biz Yapan De\u011ferlerimizdir!<\/h4>\t\t\t\t<\/div>\n\t\t\t\t\t<\/div>\n\t\t<\/div>\n\t\t\t\t\t<\/div>\n\t\t<\/section>\n\t\t\t\t<section class=\"elementor-section elementor-top-section elementor-element elementor-element-6de2106b elementor-section-boxed elementor-section-height-default elementor-section-height-default\" data-id=\"6de2106b\" data-element_type=\"section\" data-settings=\"{&quot;background_background&quot;:&quot;classic&quot;}\">\n\t\t\t\t\t\t<div class=\"elementor-container elementor-column-gap-default\">\n\t\t\t\t\t<div class=\"elementor-column elementor-col-100 elementor-top-column elementor-element elementor-element-5e8b9923\" data-id=\"5e8b9923\" data-element_type=\"column\">\n\t\t\t<div class=\"elementor-widget-wrap elementor-element-populated\">\n\t\t\t\t\t\t<div class=\"elementor-element elementor-element-dcd9b32 elementor-widget elementor-widget-heading\" data-id=\"dcd9b32\" data-element_type=\"widget\" data-widget_type=\"heading.default\">\n\t\t\t\t\t<h4 class=\"elementor-heading-title elementor-size-default\">\u0130nsana Sayg\u0131<\/h4>\t\t\t\t<\/div>\n\t\t\t\t<div class=\"elementor-element elementor-element-47892b2 elementor-widget elementor-widget-text-editor\" data-id=\"47892b2\" data-element_type=\"widget\" data-widget_type=\"text-editor.default\">\n\t\t\t\t\t\t\t\t\t<p>\u0130nsanl\u0131k kavram\u0131na her \u015feyden \u00e7ok sayg\u0131 duyuyoruz. Biliyoruz ki hayatta her \u015fey insan i\u00e7in. Bu y\u00fczdendir ki kurumsal de\u011ferlerimizin ba\u015f\u0131nda insana sayg\u0131 var. De\u011ferli olan insan oldu\u011funda insan olarak bizim de de\u011fer katmam\u0131z gerekti\u011fini biliyoruz. Yapt\u0131\u011f\u0131m\u0131z her \u015feyin gelecek nesillere olumlu bir katk\u0131 sa\u011flamas\u0131 ve s\u00fcrd\u00fcr\u00fclebilir olmas\u0131 ana gayemiz.<\/p>\t\t\t\t\t\t\t\t<\/div>\n\t\t\t\t\t<\/div>\n\t\t<\/div>\n\t\t\t\t\t<\/div>\n\t\t<\/section>\n\t\t\t\t<section class=\"elementor-section elementor-top-section elementor-element elementor-element-87c7f07 elementor-section-boxed elementor-section-height-default elementor-section-height-default\" data-id=\"87c7f07\" data-element_type=\"section\" data-settings=\"{&quot;background_background&quot;:&quot;classic&quot;}\">\n\t\t\t\t\t\t<div class=\"elementor-container elementor-column-gap-default\">\n\t\t\t\t\t<div class=\"elementor-column elementor-col-100 elementor-top-column elementor-element elementor-element-aaab71a\" data-id=\"aaab71a\" data-element_type=\"column\">\n\t\t\t<div class=\"elementor-widget-wrap elementor-element-populated\">\n\t\t\t\t\t\t<div class=\"elementor-element elementor-element-1ddc926 elementor-widget elementor-widget-heading\" data-id=\"1ddc926\" data-element_type=\"widget\" data-widget_type=\"heading.default\">\n\t\t\t\t\t<h4 class=\"elementor-heading-title elementor-size-default\">Do\u011faya Sayg\u0131<\/h4>\t\t\t\t<\/div>\n\t\t\t\t<div class=\"elementor-element elementor-element-673fe7a elementor-widget elementor-widget-text-editor\" data-id=\"673fe7a\" data-element_type=\"widget\" data-widget_type=\"text-editor.default\">\n\t\t\t\t\t\t\t\t\t<p>\u0130nsan\u0131n geldi\u011fi ve d\u00f6nece\u011fi yer olan do\u011faya da sonsuz sayg\u0131 duyuyoruz. Gelecek nesillere daha ya\u015fan\u0131r bir d\u00fcnya b\u0131rakabilmek i\u00e7in ya\u015fam kaynaklar\u0131m\u0131z\u0131n koruman\u0131n ne kadar \u00f6nemli oldu\u011funu biliyoruz. Bu nedenle s\u00fcrekli olarak ara\u015ft\u0131rma ve geli\u015ftirme faaliyetlerimizi daha kapsaml\u0131 hale getirmeye \u00e7al\u0131\u015f\u0131yoruz. \u00dcretimlerimizi bu esas \u00fczerine in\u015fa etmeye \u00e7al\u0131\u015f\u0131yoruz.<\/p>\t\t\t\t\t\t\t\t<\/div>\n\t\t\t\t\t<\/div>\n\t\t<\/div>\n\t\t\t\t\t<\/div>\n\t\t<\/section>\n\t\t\t\t<section class=\"elementor-section elementor-top-section elementor-element elementor-element-855beff elementor-section-boxed elementor-section-height-default elementor-section-height-default\" data-id=\"855beff\" data-element_type=\"section\" data-settings=\"{&quot;background_background&quot;:&quot;classic&quot;}\">\n\t\t\t\t\t\t<div class=\"elementor-container elementor-column-gap-default\">\n\t\t\t\t\t<div class=\"elementor-column elementor-col-100 elementor-top-column elementor-element elementor-element-03a6ef3\" data-id=\"03a6ef3\" data-element_type=\"column\">\n\t\t\t<div class=\"elementor-widget-wrap elementor-element-populated\">\n\t\t\t\t\t\t<div class=\"elementor-element elementor-element-82f60a0 elementor-widget elementor-widget-heading\" data-id=\"82f60a0\" data-element_type=\"widget\" data-widget_type=\"heading.default\">\n\t\t\t\t\t<h4 class=\"elementor-heading-title elementor-size-default\">\u0130\u015fimize Sayg\u0131<\/h4>\t\t\t\t<\/div>\n\t\t\t\t<div class=\"elementor-element elementor-element-c0b5c88 elementor-widget elementor-widget-text-editor\" data-id=\"c0b5c88\" data-element_type=\"widget\" data-widget_type=\"text-editor.default\">\n\t\t\t\t\t\t\t\t\t<p>\u0130\u015fimize de en az insana ve do\u011faya verdi\u011fimiz kadar de\u011fer veriyoruz. Gerek proje, gerekse imalat a\u015famalar\u0131nda detayl\u0131 bir programlama ve hassasiyet ile \u00e7al\u0131\u015f\u0131yoruz. Mutlak suretle her a\u015famay\u0131 tekrar tekrar kontrol ediyor, u\u00e7tan uca kalite kontrol mekanizmam\u0131za sad\u0131k kal\u0131yoruz. En \u00f6nemlisi de s\u00fcrekli \u00e7\u00f6z\u00fcm odakl\u0131 \u00e7al\u0131\u015f\u0131yoruz.<\/p>\t\t\t\t\t\t\t\t<\/div>\n\t\t\t\t\t<\/div>\n\t\t<\/div>\n\t\t\t\t\t<\/div>\n\t\t<\/section>\n\t\t\t\t<\/div>\n\t\t","protected":false},"excerpt":{"rendered":"<p>De\u011ferlerimiz En B\u00fcy\u00fck G\u00fcc\u00fcm\u00fcz Bizi Biz Yapan De\u011ferlerimizdir! \u0130nsana Sayg\u0131 \u0130nsanl\u0131k kavram\u0131na her \u015feyden \u00e7ok sayg\u0131 duyuyoruz. Biliyoruz ki hayatta her \u015fey insan i\u00e7in. Bu y\u00fczdendir ki kurumsal de\u011ferlerimizin ba\u015f\u0131nda insana sayg\u0131 var. De\u011ferli olan insan oldu\u011funda insan olarak bizim de de\u011fer katmam\u0131z gerekti\u011fini biliyoruz. Yapt\u0131\u011f\u0131m\u0131z her \u015feyin gelecek nesillere olumlu bir katk\u0131 sa\u011flamas\u0131 ve [&hellip;]<\/p>\n","protected":false},"author":1,"featured_media":0,"parent":0,"menu_order":0,"comment_status":"closed","ping_status":"closed","template":"","meta":{"footnotes":""},"class_list":["post-81","page","type-page","status-publish","hentry"],"_links":{"self":[{"href":"http:\/\/vekendustri.com\/index.php\/wp-json\/wp\/v2\/pages\/81","targetHints":{"allow":["GET"]}}],"collection":[{"href":"http:\/\/vekendustri.com\/index.php\/wp-json\/wp\/v2\/pages"}],"about":[{"href":"http:\/\/vekendustri.com\/index.php\/wp-json\/wp\/v2\/types\/page"}],"author":[{"embeddable":true,"href":"http:\/\/vekendustri.com\/index.php\/wp-json\/wp\/v2\/users\/1"}],"replies":[{"embeddable":true,"href":"http:\/\/vekendustri.com\/index.php\/wp-json\/wp\/v2\/comments?post=81"}],"version-history":[{"count":16,"href":"http:\/\/vekendustri.com\/index.php\/wp-json\/wp\/v2\/pages\/81\/revisions"}],"predecessor-version":[{"id":205,"href":"http:\/\/vekendustri.com\/index.php\/wp-json\/wp\/v2\/pages\/81\/revisions\/205"}],"wp:attachment":[{"href":"http:\/\/vekendustri.com\/index.php\/wp-json\/wp\/v2\/media?parent=81"}],"curies":[{"name":"wp","href":"https:\/\/api.w.org\/{rel}","templated":true}]}}